{"id":5642,"date":"2022-04-08T11:09:19","date_gmt":"2022-04-08T09:09:19","guid":{"rendered":"https:\/\/www.fs-plus.de\/service\/industrial-support\/quality-control\/"},"modified":"2022-05-23T11:09:51","modified_gmt":"2022-05-23T09:09:51","slug":"quality-control","status":"publish","type":"page","link":"https:\/\/www.fs-plus.de\/en\/service\/industrial-support\/quality-control\/","title":{"rendered":"Quality Control"},"content":{"rendered":"\t\t<div data-elementor-type=\"wp-page\" data-elementor-id=\"5642\" class=\"elementor elementor-5642 elementor-1657\" data-elementor-post-type=\"page\">\n\t\t\t\t\t\t<section class=\"elementor-section elementor-top-section elementor-element elementor-element-30278cff elementor-section-boxed elementor-section-height-default elementor-section-height-default\" data-id=\"30278cff\" data-element_type=\"section\">\n\t\t\t\t\t\t<div class=\"elementor-container elementor-column-gap-default\">\n\t\t\t\t\t<div class=\"elementor-column elementor-col-100 elementor-top-column elementor-element elementor-element-37f485c0\" data-id=\"37f485c0\" data-element_type=\"column\">\n\t\t\t<div class=\"elementor-widget-wrap elementor-element-populated\">\n\t\t\t\t\t\t<div class=\"elementor-element elementor-element-55596114 elementor-widget elementor-widget-heading\" data-id=\"55596114\" data-element_type=\"widget\" data-widget_type=\"heading.default\">\n\t\t\t\t<div class=\"elementor-widget-container\">\n\t\t\t\t\t<h2 class=\"elementor-heading-title elementor-size-default\">Why is the quality control important? <\/h2>\t\t\t\t<\/div>\n\t\t\t\t<\/div>\n\t\t\t\t<section class=\"elementor-section elementor-inner-section elementor-element elementor-element-51772f12 elementor-section-boxed elementor-section-height-default elementor-section-height-default\" data-id=\"51772f12\" data-element_type=\"section\">\n\t\t\t\t\t\t<div class=\"elementor-container elementor-column-gap-default\">\n\t\t\t\t\t<div class=\"elementor-column elementor-col-50 elementor-inner-column elementor-element elementor-element-f978a79\" data-id=\"f978a79\" data-element_type=\"column\">\n\t\t\t<div class=\"elementor-widget-wrap elementor-element-populated\">\n\t\t\t\t\t\t<div class=\"elementor-element elementor-element-f745aef elementor-widget elementor-widget-text-editor\" data-id=\"f745aef\" data-element_type=\"widget\" data-widget_type=\"text-editor.default\">\n\t\t\t\t<div class=\"elementor-widget-container\">\n\t\t\t\t\t\t\t\t\t<div class=\"col-md-6 \"><div class=\"col-md-6 \"><div class=\"col-md-6 \"><p>If you want to ensure the highest quality, you need a reliable quality assurance system. It is an integral part of the production chain and continuously maintains the quality standard. This requires a precise definition of the services or products. Checklist-like, only the quality that meets all previously defined criteria is approved.<\/p><\/div><\/div><\/div>\t\t\t\t\t\t\t\t<\/div>\n\t\t\t\t<\/div>\n\t\t\t\t\t<\/div>\n\t\t<\/div>\n\t\t\t\t<div class=\"elementor-column elementor-col-50 elementor-inner-column elementor-element elementor-element-4b97fadf\" data-id=\"4b97fadf\" data-element_type=\"column\">\n\t\t\t<div class=\"elementor-widget-wrap elementor-element-populated\">\n\t\t\t\t\t\t<div class=\"elementor-element elementor-element-75a6eae5 elementor-widget elementor-widget-text-editor\" data-id=\"75a6eae5\" data-element_type=\"widget\" data-widget_type=\"text-editor.default\">\n\t\t\t\t<div class=\"elementor-widget-container\">\n\t\t\t\t\t\t\t\t\t<div class=\"col-md-6 \"><div class=\"col-md-6 \"><div class=\"col-md-6 \"><div class=\"col-md-6 \"><div class=\"col-md-6 \"><p>If there is a need for reworking in order to achieve the desired quality, targeted post-processing takes effect. The standard can therefore always be guaranteed &#8211; this works most practicably when careful planning meets precise implementation.<\/p><\/div><\/div><\/div><\/div><\/div>\t\t\t\t\t\t\t\t<\/div>\n\t\t\t\t<\/div>\n\t\t\t\t\t<\/div>\n\t\t<\/div>\n\t\t\t\t\t<\/div>\n\t\t<\/section>\n\t\t\t\t\t<\/div>\n\t\t<\/div>\n\t\t\t\t\t<\/div>\n\t\t<\/section>\n\t\t\t\t<section class=\"elementor-section elementor-top-section elementor-element elementor-element-6f56f0ab elementor-section-boxed elementor-section-height-default elementor-section-height-default\" data-id=\"6f56f0ab\" data-element_type=\"section\" data-settings=\"{&quot;background_background&quot;:&quot;classic&quot;}\">\n\t\t\t\t\t\t<div class=\"elementor-container elementor-column-gap-default\">\n\t\t\t\t\t<div class=\"elementor-column elementor-col-100 elementor-top-column elementor-element elementor-element-6d7c0e67\" data-id=\"6d7c0e67\" data-element_type=\"column\">\n\t\t\t<div class=\"elementor-widget-wrap elementor-element-populated\">\n\t\t\t\t\t\t<div class=\"elementor-element elementor-element-28ed78cb elementor-widget elementor-widget-heading\" data-id=\"28ed78cb\" data-element_type=\"widget\" data-widget_type=\"heading.default\">\n\t\t\t\t<div class=\"elementor-widget-container\">\n\t\t\t\t\t<h2 class=\"elementor-heading-title elementor-size-default\">Which tasks does FS Plus take over for you?<\/h2>\t\t\t\t<\/div>\n\t\t\t\t<\/div>\n\t\t\t\t<section class=\"elementor-section elementor-inner-section elementor-element elementor-element-7c2131b elementor-section-boxed elementor-section-height-default elementor-section-height-default\" data-id=\"7c2131b\" data-element_type=\"section\">\n\t\t\t\t\t\t<div class=\"elementor-container elementor-column-gap-default\">\n\t\t\t\t\t<div class=\"elementor-column elementor-col-50 elementor-inner-column elementor-element elementor-element-178be367\" data-id=\"178be367\" data-element_type=\"column\">\n\t\t\t<div class=\"elementor-widget-wrap elementor-element-populated\">\n\t\t\t\t\t\t<div class=\"elementor-element elementor-element-2a7bd18b elementor-widget elementor-widget-text-editor\" data-id=\"2a7bd18b\" data-element_type=\"widget\" data-widget_type=\"text-editor.default\">\n\t\t\t\t<div class=\"elementor-widget-container\">\n\t\t\t\t\t\t\t\t\t<div class=\"col-md-6 \"><div class=\"col-md-6 \"><div class=\"col-md-6 \"><div class=\"col-md-6 \"><div class=\"col-md-6 \"><div class=\"col-md-6 \"><p>As a leading industrial service provider, we have a very high demand on quality.<\/p><p>We also support you in your quality assurance with reliable, fast and precise working methods. Our service includes the control and reworking of individual and final components and includes a wide range of assembly work. Of course, this also includes the complete documentation of our control and rework activities.<\/p><\/div><\/div><\/div><\/div><\/div><\/div>\t\t\t\t\t\t\t\t<\/div>\n\t\t\t\t<\/div>\n\t\t\t\t\t<\/div>\n\t\t<\/div>\n\t\t\t\t<div class=\"elementor-column elementor-col-50 elementor-inner-column elementor-element elementor-element-e5fbdd9\" data-id=\"e5fbdd9\" data-element_type=\"column\">\n\t\t\t<div class=\"elementor-widget-wrap elementor-element-populated\">\n\t\t\t\t\t\t<div class=\"elementor-element elementor-element-62b82c62 elementor-widget elementor-widget-text-editor\" data-id=\"62b82c62\" data-element_type=\"widget\" data-widget_type=\"text-editor.default\">\n\t\t\t\t<div class=\"elementor-widget-container\">\n\t\t\t\t\t\t\t\t\t<div class=\"col-md-6 \"><div class=\"col-md-6 \"><div class=\"col-md-6 \"><div class=\"col-md-6 \"><div class=\"col-md-6 \"><div class=\"col-md-6 \"><p>Increase the quality of your products with the quality control and post-processing of FS Plus. We support you directly on site in your company and give you additional flexibility. Market leaders with particularly high quality standards rely on FS Plus. Benefit from our know-how and increase your competitiveness with the reliable quality control of FS Plus.<\/p><\/div><\/div><\/div><\/div><\/div><\/div>\t\t\t\t\t\t\t\t<\/div>\n\t\t\t\t<\/div>\n\t\t\t\t\t<\/div>\n\t\t<\/div>\n\t\t\t\t\t<\/div>\n\t\t<\/section>\n\t\t\t\t\t<\/div>\n\t\t<\/div>\n\t\t\t\t\t<\/div>\n\t\t<\/section>\n\t\t\t\t<section class=\"elementor-section elementor-top-section elementor-element elementor-element-467934a4 elementor-section-full_width dbs-half-bg elementor-section-height-default elementor-section-height-default\" data-id=\"467934a4\" data-element_type=\"section\">\n\t\t\t\t\t\t\t<div class=\"elementor-background-overlay\"><\/div>\n\t\t\t\t\t\t\t<div class=\"elementor-container elementor-column-gap-default\">\n\t\t\t\t\t<div class=\"elementor-column elementor-col-100 elementor-top-column elementor-element elementor-element-3780a719\" data-id=\"3780a719\" data-element_type=\"column\">\n\t\t\t<div class=\"elementor-widget-wrap elementor-element-populated\">\n\t\t\t\t\t\t<section class=\"elementor-section elementor-inner-section elementor-element elementor-element-55b04bc5 elementor-section-height-min-height elementor-reverse-mobile elementor-section-boxed elementor-section-height-default\" data-id=\"55b04bc5\" data-element_type=\"section\">\n\t\t\t\t\t\t<div class=\"elementor-container elementor-column-gap-default\">\n\t\t\t\t\t<div class=\"elementor-column elementor-col-50 elementor-inner-column elementor-element elementor-element-2d864e3d elementor-invisible\" data-id=\"2d864e3d\" data-element_type=\"column\" data-settings=\"{&quot;animation&quot;:&quot;slideInLeft&quot;,&quot;animation_delay&quot;:0}\">\n\t\t\t<div class=\"elementor-widget-wrap elementor-element-populated\">\n\t\t\t\t\t\t<div class=\"elementor-element elementor-element-7d0f0a14 elementor-widget elementor-widget-elementskit-page-list\" data-id=\"7d0f0a14\" data-element_type=\"widget\" data-widget_type=\"elementskit-page-list.default\">\n\t\t\t\t<div class=\"elementor-widget-container\">\n\t\t\t\t\t<div class=\"ekit-wid-con\" >\t\t<div class=\"elementor-icon-list-items \">\n\t\t\t\t\t<\/div>\n\t\t<\/div>\t\t\t\t<\/div>\n\t\t\t\t<\/div>\n\t\t\t\t<div class=\"elementor-element elementor-element-c4e4c45 elementor-widget elementor-widget-heading\" data-id=\"c4e4c45\" data-element_type=\"widget\" data-widget_type=\"heading.default\">\n\t\t\t\t<div class=\"elementor-widget-container\">\n\t\t\t\t\t<h2 class=\"elementor-heading-title elementor-size-default\">Your benefits at a glance:<\/h2>\t\t\t\t<\/div>\n\t\t\t\t<\/div>\n\t\t\t\t<div class=\"elementor-element elementor-element-e7a36fa elementor-align-left elementor-widget__width-initial elementor-widget-tablet__width-inherit elementor-icon-list--layout-traditional elementor-list-item-link-full_width elementor-widget elementor-widget-icon-list\" data-id=\"e7a36fa\" data-element_type=\"widget\" data-widget_type=\"icon-list.default\">\n\t\t\t\t<div class=\"elementor-widget-container\">\n\t\t\t\t\t\t\t<ul class=\"elementor-icon-list-items\">\n\t\t\t\t\t\t\t<li class=\"elementor-icon-list-item\">\n\t\t\t\t\t\t\t\t\t\t\t<span class=\"elementor-icon-list-icon\">\n\t\t\t\t\t\t\t<i aria-hidden=\"true\" class=\"fas fa-plus\"><\/i>\t\t\t\t\t\t<\/span>\n\t\t\t\t\t\t\t\t\t\t<span class=\"elementor-icon-list-text\">Quality assurance or increase<\/span>\n\t\t\t\t\t\t\t\t\t<\/li>\n\t\t\t\t\t\t\t\t<li class=\"elementor-icon-list-item\">\n\t\t\t\t\t\t\t\t\t\t\t<span class=\"elementor-icon-list-icon\">\n\t\t\t\t\t\t\t<i aria-hidden=\"true\" class=\"fas fa-plus\"><\/i>\t\t\t\t\t\t<\/span>\n\t\t\t\t\t\t\t\t\t\t<span class=\"elementor-icon-list-text\">Optimized complaint balance<\/span>\n\t\t\t\t\t\t\t\t\t<\/li>\n\t\t\t\t\t\t\t\t<li class=\"elementor-icon-list-item\">\n\t\t\t\t\t\t\t\t\t\t\t<span class=\"elementor-icon-list-icon\">\n\t\t\t\t\t\t\t<i aria-hidden=\"true\" class=\"fas fa-plus\"><\/i>\t\t\t\t\t\t<\/span>\n\t\t\t\t\t\t\t\t\t\t<span class=\"elementor-icon-list-text\">Flexible, innovative and time-saving testing techniques <\/span>\n\t\t\t\t\t\t\t\t\t<\/li>\n\t\t\t\t\t\t\t\t<li class=\"elementor-icon-list-item\">\n\t\t\t\t\t\t\t\t\t\t\t<span class=\"elementor-icon-list-icon\">\n\t\t\t\t\t\t\t<i aria-hidden=\"true\" class=\"fas fa-plus\"><\/i>\t\t\t\t\t\t<\/span>\n\t\t\t\t\t\t\t\t\t\t<span class=\"elementor-icon-list-text\">Relief of personnel <\/span>\n\t\t\t\t\t\t\t\t\t<\/li>\n\t\t\t\t\t\t\t\t<li class=\"elementor-icon-list-item\">\n\t\t\t\t\t\t\t\t\t\t\t<span class=\"elementor-icon-list-icon\">\n\t\t\t\t\t\t\t<i aria-hidden=\"true\" class=\"fas fa-plus\"><\/i>\t\t\t\t\t\t<\/span>\n\t\t\t\t\t\t\t\t\t\t<span class=\"elementor-icon-list-text\">Release of additional production potential <\/span>\n\t\t\t\t\t\t\t\t\t<\/li>\n\t\t\t\t\t\t\t\t<li class=\"elementor-icon-list-item\">\n\t\t\t\t\t\t\t\t\t\t\t<span class=\"elementor-icon-list-icon\">\n\t\t\t\t\t\t\t<i aria-hidden=\"true\" class=\"fas fa-plus\"><\/i>\t\t\t\t\t\t<\/span>\n\t\t\t\t\t\t\t\t\t\t<span class=\"elementor-icon-list-text\">Sustainable cost reduction<\/span>\n\t\t\t\t\t\t\t\t\t<\/li>\n\t\t\t\t\t\t<\/ul>\n\t\t\t\t\t\t<\/div>\n\t\t\t\t<\/div>\n\t\t\t\t\t<\/div>\n\t\t<\/div>\n\t\t\t\t<div class=\"elementor-column elementor-col-50 elementor-inner-column elementor-element elementor-element-120f9cc6 dbs-img elementor-invisible\" data-id=\"120f9cc6\" data-element_type=\"column\" data-settings=\"{&quot;animation&quot;:&quot;slideInLeft&quot;,&quot;animation_delay&quot;:0,&quot;background_background&quot;:&quot;classic&quot;}\">\n\t\t\t<div class=\"elementor-widget-wrap elementor-element-populated\">\n\t\t\t\t\t\t<div class=\"elementor-element elementor-element-6d0beba9 elementor-widget elementor-widget-spacer\" data-id=\"6d0beba9\" data-element_type=\"widget\" data-widget_type=\"spacer.default\">\n\t\t\t\t<div class=\"elementor-widget-container\">\n\t\t\t\t\t\t\t<div class=\"elementor-spacer\">\n\t\t\t<div class=\"elementor-spacer-inner\"><\/div>\n\t\t<\/div>\n\t\t\t\t\t\t<\/div>\n\t\t\t\t<\/div>\n\t\t\t\t\t<\/div>\n\t\t<\/div>\n\t\t\t\t\t<\/div>\n\t\t<\/section>\n\t\t\t\t\t<\/div>\n\t\t<\/div>\n\t\t\t\t\t<\/div>\n\t\t<\/section>\n\t\t\t\t<section class=\"elementor-section elementor-top-section elementor-element elementor-element-745fd3a elementor-section-content-middle elementor-section-boxed elementor-section-height-default elementor-section-height-default\" data-id=\"745fd3a\" data-element_type=\"section\">\n\t\t\t\t\t\t<div class=\"elementor-container elementor-column-gap-default\">\n\t\t\t\t\t<div class=\"elementor-column elementor-col-100 elementor-top-column elementor-element elementor-element-6360e57\" data-id=\"6360e57\" data-element_type=\"column\">\n\t\t\t<div class=\"elementor-widget-wrap elementor-element-populated\">\n\t\t\t\t\t\t<div class=\"elementor-element elementor-element-3bfee45 elementor-align-center fs-btn elementor-widget elementor-widget-button\" data-id=\"3bfee45\" data-element_type=\"widget\" data-widget_type=\"button.default\">\n\t\t\t\t<div class=\"elementor-widget-container\">\n\t\t\t\t\t\t\t\t\t<div class=\"elementor-button-wrapper\">\n\t\t\t\t\t<a class=\"elementor-button elementor-button-link elementor-size-sm\" href=\"https:\/\/www.fs-plus.de\/en\/service\/industrial-support\/\">\n\t\t\t\t\t\t<span class=\"elementor-button-content-wrapper\">\n\t\t\t\t\t\t<span class=\"elementor-button-icon\">\n\t\t\t\t<i aria-hidden=\"true\" class=\"fas fa-arrow-left\"><\/i>\t\t\t<\/span>\n\t\t\t\t\t\t\t\t\t<span class=\"elementor-button-text\">All our services on the subject of Industrial Support<\/span>\n\t\t\t\t\t<\/span>\n\t\t\t\t\t<\/a>\n\t\t\t\t<\/div>\n\t\t\t\t\t\t\t\t<\/div>\n\t\t\t\t<\/div>\n\t\t\t\t\t<\/div>\n\t\t<\/div>\n\t\t\t\t\t<\/div>\n\t\t<\/section>\n\t\t\t\t<\/div>\n\t\t","protected":false},"excerpt":{"rendered":"<p>Why is the quality control important? If you want to ensure the highest quality, you need a reliable quality assurance system. It is an integral part of the production chain and continuously maintains the quality standard. This requires a precise definition of the services or products. Checklist-like, only the quality that meets all previously defined [&hellip;]<\/p>\n","protected":false},"author":2,"featured_media":550,"parent":5620,"menu_order":4,"comment_status":"closed","ping_status":"closed","template":"","meta":{"_acf_changed":false,"footnotes":""},"class_list":["post-5642","page","type-page","status-publish","has-post-thumbnail","hentry"],"acf":[],"yoast_head":"<!-- This site is optimized with the Yoast SEO plugin v26.3 - https:\/\/yoast.com\/wordpress\/plugins\/seo\/ -->\n<title>Quality Control<\/title>\n<meta name=\"robots\" content=\"index, follow, max-snippet:-1, max-image-preview:large, max-video-preview:-1\" \/>\n<link rel=\"canonical\" href=\"https:\/\/www.fs-plus.de\/service\/industrial-support\/qualitaetskontrolle\/\" \/>\n<meta property=\"og:locale\" content=\"en_US\" \/>\n<meta property=\"og:type\" content=\"article\" \/>\n<meta property=\"og:title\" content=\"Quality Control\" \/>\n<meta property=\"og:description\" content=\"Why is the quality control important? If you want to ensure the highest quality, you need a reliable quality assurance system. It is an integral part of the production chain and continuously maintains the quality standard. This requires a precise definition of the services or products. Checklist-like, only the quality that meets all previously defined [&hellip;]\" \/>\n<meta property=\"og:url\" content=\"https:\/\/www.fs-plus.de\/service\/industrial-support\/qualitaetskontrolle\/\" \/>\n<meta property=\"og:site_name\" content=\"Fluid Service Plus - Mehr Qualit\u00e4t.\" \/>\n<meta property=\"article:publisher\" content=\"https:\/\/www.facebook.com\/Fluid-Service-Plus-GmbH-393781057359889\/\" \/>\n<meta property=\"article:modified_time\" content=\"2022-05-23T09:09:51+00:00\" \/>\n<meta property=\"og:image\" content=\"https:\/\/www.fs-plus.de\/wp-content\/uploads\/2022\/04\/05-Qualita\u0308tskontrolle.jpeg\" \/>\n\t<meta property=\"og:image:width\" content=\"1670\" \/>\n\t<meta property=\"og:image:height\" content=\"600\" \/>\n\t<meta property=\"og:image:type\" content=\"image\/jpeg\" \/>\n<meta name=\"twitter:card\" content=\"summary_large_image\" \/>\n<meta name=\"twitter:label1\" content=\"Est. reading time\" \/>\n\t<meta name=\"twitter:data1\" content=\"1 minute\" \/>\n<script type=\"application\/ld+json\" class=\"yoast-schema-graph\">{\"@context\":\"https:\/\/schema.org\",\"@graph\":[{\"@type\":\"WebPage\",\"@id\":\"https:\/\/www.fs-plus.de\/service\/industrial-support\/qualitaetskontrolle\/\",\"url\":\"https:\/\/www.fs-plus.de\/service\/industrial-support\/qualitaetskontrolle\/\",\"name\":\"Quality Control\",\"isPartOf\":{\"@id\":\"https:\/\/www.fs-plus.de\/#website\"},\"primaryImageOfPage\":{\"@id\":\"https:\/\/www.fs-plus.de\/service\/industrial-support\/qualitaetskontrolle\/#primaryimage\"},\"image\":{\"@id\":\"https:\/\/www.fs-plus.de\/service\/industrial-support\/qualitaetskontrolle\/#primaryimage\"},\"thumbnailUrl\":\"https:\/\/www.fs-plus.de\/wp-content\/uploads\/2022\/04\/05-Qualita\u0308tskontrolle.jpeg\",\"datePublished\":\"2022-04-08T09:09:19+00:00\",\"dateModified\":\"2022-05-23T09:09:51+00:00\",\"breadcrumb\":{\"@id\":\"https:\/\/www.fs-plus.de\/service\/industrial-support\/qualitaetskontrolle\/#breadcrumb\"},\"inLanguage\":\"en-US\",\"potentialAction\":[{\"@type\":\"ReadAction\",\"target\":[\"https:\/\/www.fs-plus.de\/service\/industrial-support\/qualitaetskontrolle\/\"]}]},{\"@type\":\"ImageObject\",\"inLanguage\":\"en-US\",\"@id\":\"https:\/\/www.fs-plus.de\/service\/industrial-support\/qualitaetskontrolle\/#primaryimage\",\"url\":\"https:\/\/www.fs-plus.de\/wp-content\/uploads\/2022\/04\/05-Qualita\u0308tskontrolle.jpeg\",\"contentUrl\":\"https:\/\/www.fs-plus.de\/wp-content\/uploads\/2022\/04\/05-Qualita\u0308tskontrolle.jpeg\",\"width\":1670,\"height\":600,\"caption\":\"Qualita\u0308tskontrolle\"},{\"@type\":\"BreadcrumbList\",\"@id\":\"https:\/\/www.fs-plus.de\/service\/industrial-support\/qualitaetskontrolle\/#breadcrumb\",\"itemListElement\":[{\"@type\":\"ListItem\",\"position\":1,\"name\":\"Startseite\",\"item\":\"https:\/\/www.fs-plus.de\/\"},{\"@type\":\"ListItem\",\"position\":2,\"name\":\"Service\",\"item\":\"https:\/\/www.fs-plus.de\/service\/\"},{\"@type\":\"ListItem\",\"position\":3,\"name\":\"Industrial Support\",\"item\":\"https:\/\/www.fs-plus.de\/service\/industrial-support\/\"},{\"@type\":\"ListItem\",\"position\":4,\"name\":\"Quality Control\"}]},{\"@type\":\"WebSite\",\"@id\":\"https:\/\/www.fs-plus.de\/#website\",\"url\":\"https:\/\/www.fs-plus.de\/\",\"name\":\"Fluid Service Plus - Mehr Qualit\u00e4t. Mehr Zuverl\u00e4ssigkeit.\",\"description\":\"FS Plus ist Anbieter f\u00fcr industrielle Dienstleistungen und setzt sich aus Bereichen wie Fluid Management, Industriereinigung und \u00d6lservice zusammen.\",\"publisher\":{\"@id\":\"https:\/\/www.fs-plus.de\/#organization\"},\"potentialAction\":[{\"@type\":\"SearchAction\",\"target\":{\"@type\":\"EntryPoint\",\"urlTemplate\":\"https:\/\/www.fs-plus.de\/?s={search_term_string}\"},\"query-input\":{\"@type\":\"PropertyValueSpecification\",\"valueRequired\":true,\"valueName\":\"search_term_string\"}}],\"inLanguage\":\"en-US\"},{\"@type\":\"Organization\",\"@id\":\"https:\/\/www.fs-plus.de\/#organization\",\"name\":\"Fluid Service Plus GmbH\",\"url\":\"https:\/\/www.fs-plus.de\/\",\"logo\":{\"@type\":\"ImageObject\",\"inLanguage\":\"en-US\",\"@id\":\"https:\/\/www.fs-plus.de\/#\/schema\/logo\/image\/\",\"url\":\"https:\/\/www.fs-plus.de\/wp-content\/uploads\/2022\/03\/fs-plus-logo-full.svg\",\"contentUrl\":\"https:\/\/www.fs-plus.de\/wp-content\/uploads\/2022\/03\/fs-plus-logo-full.svg\",\"width\":162,\"height\":41,\"caption\":\"Fluid Service Plus GmbH\"},\"image\":{\"@id\":\"https:\/\/www.fs-plus.de\/#\/schema\/logo\/image\/\"},\"sameAs\":[\"https:\/\/www.facebook.com\/Fluid-Service-Plus-GmbH-393781057359889\/\",\"https:\/\/www.linkedin.com\/company\/fluidserviceplus\/\",\"https:\/\/www.xing.com\/companies\/fluidserviceplusgmbh\"]}]}<\/script>\n<!-- \/ Yoast SEO plugin. -->","yoast_head_json":{"title":"Quality Control","robots":{"index":"index","follow":"follow","max-snippet":"max-snippet:-1","max-image-preview":"max-image-preview:large","max-video-preview":"max-video-preview:-1"},"canonical":"https:\/\/www.fs-plus.de\/service\/industrial-support\/qualitaetskontrolle\/","og_locale":"en_US","og_type":"article","og_title":"Quality Control","og_description":"Why is the quality control important? If you want to ensure the highest quality, you need a reliable quality assurance system. It is an integral part of the production chain and continuously maintains the quality standard. This requires a precise definition of the services or products. Checklist-like, only the quality that meets all previously defined [&hellip;]","og_url":"https:\/\/www.fs-plus.de\/service\/industrial-support\/qualitaetskontrolle\/","og_site_name":"Fluid Service Plus - Mehr Qualit\u00e4t.","article_publisher":"https:\/\/www.facebook.com\/Fluid-Service-Plus-GmbH-393781057359889\/","article_modified_time":"2022-05-23T09:09:51+00:00","og_image":[{"width":1670,"height":600,"url":"https:\/\/www.fs-plus.de\/wp-content\/uploads\/2022\/04\/05-Qualita\u0308tskontrolle.jpeg","type":"image\/jpeg"}],"twitter_card":"summary_large_image","twitter_misc":{"Est. reading time":"1 minute"},"schema":{"@context":"https:\/\/schema.org","@graph":[{"@type":"WebPage","@id":"https:\/\/www.fs-plus.de\/service\/industrial-support\/qualitaetskontrolle\/","url":"https:\/\/www.fs-plus.de\/service\/industrial-support\/qualitaetskontrolle\/","name":"Quality Control","isPartOf":{"@id":"https:\/\/www.fs-plus.de\/#website"},"primaryImageOfPage":{"@id":"https:\/\/www.fs-plus.de\/service\/industrial-support\/qualitaetskontrolle\/#primaryimage"},"image":{"@id":"https:\/\/www.fs-plus.de\/service\/industrial-support\/qualitaetskontrolle\/#primaryimage"},"thumbnailUrl":"https:\/\/www.fs-plus.de\/wp-content\/uploads\/2022\/04\/05-Qualita\u0308tskontrolle.jpeg","datePublished":"2022-04-08T09:09:19+00:00","dateModified":"2022-05-23T09:09:51+00:00","breadcrumb":{"@id":"https:\/\/www.fs-plus.de\/service\/industrial-support\/qualitaetskontrolle\/#breadcrumb"},"inLanguage":"en-US","potentialAction":[{"@type":"ReadAction","target":["https:\/\/www.fs-plus.de\/service\/industrial-support\/qualitaetskontrolle\/"]}]},{"@type":"ImageObject","inLanguage":"en-US","@id":"https:\/\/www.fs-plus.de\/service\/industrial-support\/qualitaetskontrolle\/#primaryimage","url":"https:\/\/www.fs-plus.de\/wp-content\/uploads\/2022\/04\/05-Qualita\u0308tskontrolle.jpeg","contentUrl":"https:\/\/www.fs-plus.de\/wp-content\/uploads\/2022\/04\/05-Qualita\u0308tskontrolle.jpeg","width":1670,"height":600,"caption":"Qualita\u0308tskontrolle"},{"@type":"BreadcrumbList","@id":"https:\/\/www.fs-plus.de\/service\/industrial-support\/qualitaetskontrolle\/#breadcrumb","itemListElement":[{"@type":"ListItem","position":1,"name":"Startseite","item":"https:\/\/www.fs-plus.de\/"},{"@type":"ListItem","position":2,"name":"Service","item":"https:\/\/www.fs-plus.de\/service\/"},{"@type":"ListItem","position":3,"name":"Industrial Support","item":"https:\/\/www.fs-plus.de\/service\/industrial-support\/"},{"@type":"ListItem","position":4,"name":"Quality Control"}]},{"@type":"WebSite","@id":"https:\/\/www.fs-plus.de\/#website","url":"https:\/\/www.fs-plus.de\/","name":"Fluid Service Plus - Mehr Qualit\u00e4t. Mehr Zuverl\u00e4ssigkeit.","description":"FS Plus ist Anbieter f\u00fcr industrielle Dienstleistungen und setzt sich aus Bereichen wie Fluid Management, Industriereinigung und \u00d6lservice zusammen.","publisher":{"@id":"https:\/\/www.fs-plus.de\/#organization"},"potentialAction":[{"@type":"SearchAction","target":{"@type":"EntryPoint","urlTemplate":"https:\/\/www.fs-plus.de\/?s={search_term_string}"},"query-input":{"@type":"PropertyValueSpecification","valueRequired":true,"valueName":"search_term_string"}}],"inLanguage":"en-US"},{"@type":"Organization","@id":"https:\/\/www.fs-plus.de\/#organization","name":"Fluid Service Plus GmbH","url":"https:\/\/www.fs-plus.de\/","logo":{"@type":"ImageObject","inLanguage":"en-US","@id":"https:\/\/www.fs-plus.de\/#\/schema\/logo\/image\/","url":"https:\/\/www.fs-plus.de\/wp-content\/uploads\/2022\/03\/fs-plus-logo-full.svg","contentUrl":"https:\/\/www.fs-plus.de\/wp-content\/uploads\/2022\/03\/fs-plus-logo-full.svg","width":162,"height":41,"caption":"Fluid Service Plus GmbH"},"image":{"@id":"https:\/\/www.fs-plus.de\/#\/schema\/logo\/image\/"},"sameAs":["https:\/\/www.facebook.com\/Fluid-Service-Plus-GmbH-393781057359889\/","https:\/\/www.linkedin.com\/company\/fluidserviceplus\/","https:\/\/www.xing.com\/companies\/fluidserviceplusgmbh"]}]}},"_links":{"self":[{"href":"https:\/\/www.fs-plus.de\/en\/wp-json\/wp\/v2\/pages\/5642","targetHints":{"allow":["GET"]}}],"collection":[{"href":"https:\/\/www.fs-plus.de\/en\/wp-json\/wp\/v2\/pages"}],"about":[{"href":"https:\/\/www.fs-plus.de\/en\/wp-json\/wp\/v2\/types\/page"}],"author":[{"embeddable":true,"href":"https:\/\/www.fs-plus.de\/en\/wp-json\/wp\/v2\/users\/2"}],"replies":[{"embeddable":true,"href":"https:\/\/www.fs-plus.de\/en\/wp-json\/wp\/v2\/comments?post=5642"}],"version-history":[{"count":6,"href":"https:\/\/www.fs-plus.de\/en\/wp-json\/wp\/v2\/pages\/5642\/revisions"}],"predecessor-version":[{"id":6567,"href":"https:\/\/www.fs-plus.de\/en\/wp-json\/wp\/v2\/pages\/5642\/revisions\/6567"}],"up":[{"embeddable":true,"href":"https:\/\/www.fs-plus.de\/en\/wp-json\/wp\/v2\/pages\/5620"}],"wp:featuredmedia":[{"embeddable":true,"href":"https:\/\/www.fs-plus.de\/en\/wp-json\/wp\/v2\/media\/550"}],"wp:attachment":[{"href":"https:\/\/www.fs-plus.de\/en\/wp-json\/wp\/v2\/media?parent=5642"}],"curies":[{"name":"wp","href":"https:\/\/api.w.org\/{rel}","templated":true}]}}