{"id":5692,"date":"2022-04-08T12:28:59","date_gmt":"2022-04-08T10:28:59","guid":{"rendered":"https:\/\/www.fs-plus.de\/service\/oil-service\/oil-tank-cleaning\/"},"modified":"2022-05-23T12:47:22","modified_gmt":"2022-05-23T10:47:22","slug":"oil-tank-cleaning","status":"publish","type":"page","link":"https:\/\/www.fs-plus.de\/en\/service\/oil-service\/oil-tank-cleaning\/","title":{"rendered":"Oil-Tank Cleaning"},"content":{"rendered":"\t\t<div data-elementor-type=\"wp-page\" data-elementor-id=\"5692\" class=\"elementor elementor-5692 elementor-1743\" data-elementor-post-type=\"page\">\n\t\t\t\t\t\t<section class=\"elementor-section elementor-top-section elementor-element elementor-element-2475bb0 elementor-section-boxed elementor-section-height-default elementor-section-height-default\" data-id=\"2475bb0\" data-element_type=\"section\">\n\t\t\t\t\t\t<div class=\"elementor-container elementor-column-gap-default\">\n\t\t\t\t\t<div class=\"elementor-column elementor-col-100 elementor-top-column elementor-element elementor-element-610ea781\" data-id=\"610ea781\" data-element_type=\"column\">\n\t\t\t<div class=\"elementor-widget-wrap elementor-element-populated\">\n\t\t\t\t\t\t<div class=\"elementor-element elementor-element-25da5a4c elementor-widget elementor-widget-heading\" data-id=\"25da5a4c\" data-element_type=\"widget\" data-widget_type=\"heading.default\">\n\t\t\t\t<div class=\"elementor-widget-container\">\n\t\t\t\t\t<h2 class=\"elementor-heading-title elementor-size-default\">Why is tank cleaning important?<\/h2>\t\t\t\t<\/div>\n\t\t\t\t<\/div>\n\t\t\t\t<section class=\"elementor-section elementor-inner-section elementor-element elementor-element-3269106e elementor-section-boxed elementor-section-height-default elementor-section-height-default\" data-id=\"3269106e\" data-element_type=\"section\">\n\t\t\t\t\t\t<div class=\"elementor-container elementor-column-gap-default\">\n\t\t\t\t\t<div class=\"elementor-column elementor-col-50 elementor-inner-column elementor-element elementor-element-71446c7b\" data-id=\"71446c7b\" data-element_type=\"column\">\n\t\t\t<div class=\"elementor-widget-wrap elementor-element-populated\">\n\t\t\t\t\t\t<div class=\"elementor-element elementor-element-5f17f5d6 elementor-widget elementor-widget-text-editor\" data-id=\"5f17f5d6\" data-element_type=\"widget\" data-widget_type=\"text-editor.default\">\n\t\t\t\t<div class=\"elementor-widget-container\">\n\t\t\t\t\t\t\t\t\t<div class=\"col-md-6 \"><div class=\"col-md-6 \"><div class=\"col-md-6 \"><p>The tank serves as a calming zone for the oil and as a collecting sink for dirt of all kinds.<\/p><p>In the tank of an oil circuit, the circulating fluid can calm down for a moment. This gives bound suspended particles the opportunity to settle. Depending on the nature of the oil, a sludge-like substance is deposited on the bottom and in the corners of the tank. Synthetic oils in particular remove impurities from parts and components inside the machine and thus enrich the oil system.<\/p><\/div><\/div><\/div>\t\t\t\t\t\t\t\t<\/div>\n\t\t\t\t<\/div>\n\t\t\t\t\t<\/div>\n\t\t<\/div>\n\t\t\t\t<div class=\"elementor-column elementor-col-50 elementor-inner-column elementor-element elementor-element-35071bce\" data-id=\"35071bce\" data-element_type=\"column\">\n\t\t\t<div class=\"elementor-widget-wrap elementor-element-populated\">\n\t\t\t\t\t\t<div class=\"elementor-element elementor-element-76fe55a4 elementor-widget elementor-widget-text-editor\" data-id=\"76fe55a4\" data-element_type=\"widget\" data-widget_type=\"text-editor.default\">\n\t\t\t\t<div class=\"elementor-widget-container\">\n\t\t\t\t\t\t\t\t\t<div class=\"col-md-6 \"><div class=\"col-md-6 \"><div class=\"col-md-6 \"><div class=\"col-md-6 \"><div class=\"col-md-6 \"><p>It is therefore necessary to clean the oil tank regularly from the pollutants deposited there in order to maintain the performance of the oil and thus of the entire plant, to prevent the oil from aging, and to keep it free of abrasive substances. This is the only way to ensure trouble-free operation of the system.<\/p><p>Attention: If the residues remain too long in the tank, it is often too late for protective measures. The aggressive oil-water-sludge mixture attacks steel tanks during a longer service life; corrosion forms and the tank walls are decomposed. Leakage may occur!<\/p><\/div><\/div><\/div><\/div><\/div>\t\t\t\t\t\t\t\t<\/div>\n\t\t\t\t<\/div>\n\t\t\t\t\t<\/div>\n\t\t<\/div>\n\t\t\t\t\t<\/div>\n\t\t<\/section>\n\t\t\t\t\t<\/div>\n\t\t<\/div>\n\t\t\t\t\t<\/div>\n\t\t<\/section>\n\t\t\t\t<section class=\"elementor-section elementor-top-section elementor-element elementor-element-a2a427c elementor-section-boxed elementor-section-height-default elementor-section-height-default\" data-id=\"a2a427c\" data-element_type=\"section\" data-settings=\"{&quot;background_background&quot;:&quot;classic&quot;}\">\n\t\t\t\t\t\t<div class=\"elementor-container elementor-column-gap-default\">\n\t\t\t\t\t<div class=\"elementor-column elementor-col-100 elementor-top-column elementor-element elementor-element-777974c2\" data-id=\"777974c2\" data-element_type=\"column\">\n\t\t\t<div class=\"elementor-widget-wrap elementor-element-populated\">\n\t\t\t\t\t\t<div class=\"elementor-element elementor-element-4d6b8acc elementor-widget elementor-widget-heading\" data-id=\"4d6b8acc\" data-element_type=\"widget\" data-widget_type=\"heading.default\">\n\t\t\t\t<div class=\"elementor-widget-container\">\n\t\t\t\t\t<h2 class=\"elementor-heading-title elementor-size-default\">Which tasks does FS Plus take over for you?<\/h2>\t\t\t\t<\/div>\n\t\t\t\t<\/div>\n\t\t\t\t<section class=\"elementor-section elementor-inner-section elementor-element elementor-element-9f7a6ea elementor-section-boxed elementor-section-height-default elementor-section-height-default\" data-id=\"9f7a6ea\" data-element_type=\"section\">\n\t\t\t\t\t\t<div class=\"elementor-container elementor-column-gap-default\">\n\t\t\t\t\t<div class=\"elementor-column elementor-col-50 elementor-inner-column elementor-element elementor-element-4d0b8536\" data-id=\"4d0b8536\" data-element_type=\"column\">\n\t\t\t<div class=\"elementor-widget-wrap elementor-element-populated\">\n\t\t\t\t\t\t<div class=\"elementor-element elementor-element-63133eea elementor-widget elementor-widget-text-editor\" data-id=\"63133eea\" data-element_type=\"widget\" data-widget_type=\"text-editor.default\">\n\t\t\t\t<div class=\"elementor-widget-container\">\n\t\t\t\t\t\t\t\t\t<p>Have your oil tank cleaned regularly by FS Plus &#8211; in this way you maintain the performance of your oil and ensure the value retention of your system.<\/p><p>Professional tank cleaning takes place in several steps. Remaining oil in the tank is pumped off and temporarily stored for processing. Subsequently, the oil sludge is sucked off the tank bottom and stubborn deposits are loosened and removed.<\/p>\t\t\t\t\t\t\t\t<\/div>\n\t\t\t\t<\/div>\n\t\t\t\t\t<\/div>\n\t\t<\/div>\n\t\t\t\t<div class=\"elementor-column elementor-col-50 elementor-inner-column elementor-element elementor-element-5bba1d59\" data-id=\"5bba1d59\" data-element_type=\"column\">\n\t\t\t<div class=\"elementor-widget-wrap elementor-element-populated\">\n\t\t\t\t\t\t<div class=\"elementor-element elementor-element-519a7ae2 elementor-widget elementor-widget-text-editor\" data-id=\"519a7ae2\" data-element_type=\"widget\" data-widget_type=\"text-editor.default\">\n\t\t\t\t<div class=\"elementor-widget-container\">\n\t\t\t\t\t\t\t\t\t<div class=\"col-md-6 \"><div class=\"col-md-6 \"><div class=\"col-md-6 \"><div class=\"col-md-6 \"><div class=\"col-md-6 \"><div class=\"col-md-6 \"><p>FS Plus offers individual cleaning systems for tank cleaning, with which we can effectively and thoroughly remove dirt particles from your system. Of course, we take into account the system-related conversions of stock and control circuits and also clean your oil system segment by segment.<\/p><p>After precise cleaning, the system is rinsed in a neutralizing manner. Finally, we check the condition of your tank system and inform you about the condition of the connection points at your tank system. On request, we analyze and filter the extracted oil and return it to the tank system if necessary.<\/p><\/div><\/div><\/div><\/div><\/div><\/div>\t\t\t\t\t\t\t\t<\/div>\n\t\t\t\t<\/div>\n\t\t\t\t\t<\/div>\n\t\t<\/div>\n\t\t\t\t\t<\/div>\n\t\t<\/section>\n\t\t\t\t\t<\/div>\n\t\t<\/div>\n\t\t\t\t\t<\/div>\n\t\t<\/section>\n\t\t\t\t<section class=\"elementor-section elementor-top-section elementor-element elementor-element-6f712880 elementor-section-full_width dbs-half-bg elementor-section-height-default elementor-section-height-default\" data-id=\"6f712880\" data-element_type=\"section\">\n\t\t\t\t\t\t\t<div class=\"elementor-background-overlay\"><\/div>\n\t\t\t\t\t\t\t<div class=\"elementor-container elementor-column-gap-default\">\n\t\t\t\t\t<div class=\"elementor-column elementor-col-100 elementor-top-column elementor-element elementor-element-2ab0059\" data-id=\"2ab0059\" data-element_type=\"column\">\n\t\t\t<div class=\"elementor-widget-wrap elementor-element-populated\">\n\t\t\t\t\t\t<section class=\"elementor-section elementor-inner-section elementor-element elementor-element-701f8135 elementor-section-height-min-height elementor-reverse-mobile elementor-section-boxed elementor-section-height-default\" data-id=\"701f8135\" data-element_type=\"section\">\n\t\t\t\t\t\t<div class=\"elementor-container elementor-column-gap-default\">\n\t\t\t\t\t<div class=\"elementor-column elementor-col-50 elementor-inner-column elementor-element elementor-element-1850327b elementor-invisible\" data-id=\"1850327b\" data-element_type=\"column\" data-settings=\"{&quot;animation&quot;:&quot;slideInLeft&quot;,&quot;animation_delay&quot;:0}\">\n\t\t\t<div class=\"elementor-widget-wrap elementor-element-populated\">\n\t\t\t\t\t\t<div class=\"elementor-element elementor-element-136e267f elementor-widget elementor-widget-elementskit-page-list\" data-id=\"136e267f\" data-element_type=\"widget\" data-widget_type=\"elementskit-page-list.default\">\n\t\t\t\t<div class=\"elementor-widget-container\">\n\t\t\t\t\t<div class=\"ekit-wid-con\" >\t\t<div class=\"elementor-icon-list-items \">\n\t\t\t\t\t<\/div>\n\t\t<\/div>\t\t\t\t<\/div>\n\t\t\t\t<\/div>\n\t\t\t\t<div class=\"elementor-element elementor-element-272f2ae4 elementor-widget elementor-widget-heading\" data-id=\"272f2ae4\" data-element_type=\"widget\" data-widget_type=\"heading.default\">\n\t\t\t\t<div class=\"elementor-widget-container\">\n\t\t\t\t\t<h2 class=\"elementor-heading-title elementor-size-default\">Your benefits at a glance:<\/h2>\t\t\t\t<\/div>\n\t\t\t\t<\/div>\n\t\t\t\t<div class=\"elementor-element elementor-element-e7a36fa elementor-align-left elementor-widget__width-initial elementor-widget-tablet__width-inherit elementor-icon-list--layout-traditional elementor-list-item-link-full_width elementor-widget elementor-widget-icon-list\" data-id=\"e7a36fa\" data-element_type=\"widget\" data-widget_type=\"icon-list.default\">\n\t\t\t\t<div class=\"elementor-widget-container\">\n\t\t\t\t\t\t\t<ul class=\"elementor-icon-list-items\">\n\t\t\t\t\t\t\t<li class=\"elementor-icon-list-item\">\n\t\t\t\t\t\t\t\t\t\t\t<span class=\"elementor-icon-list-icon\">\n\t\t\t\t\t\t\t<i aria-hidden=\"true\" class=\"fas fa-plus\"><\/i>\t\t\t\t\t\t<\/span>\n\t\t\t\t\t\t\t\t\t\t<span class=\"elementor-icon-list-text\">Higher plant availability <\/span>\n\t\t\t\t\t\t\t\t\t<\/li>\n\t\t\t\t\t\t\t\t<li class=\"elementor-icon-list-item\">\n\t\t\t\t\t\t\t\t\t\t\t<span class=\"elementor-icon-list-icon\">\n\t\t\t\t\t\t\t<i aria-hidden=\"true\" class=\"fas fa-plus\"><\/i>\t\t\t\t\t\t<\/span>\n\t\t\t\t\t\t\t\t\t\t<span class=\"elementor-icon-list-text\">Longer service life of the systems<\/span>\n\t\t\t\t\t\t\t\t\t<\/li>\n\t\t\t\t\t\t\t\t<li class=\"elementor-icon-list-item\">\n\t\t\t\t\t\t\t\t\t\t\t<span class=\"elementor-icon-list-icon\">\n\t\t\t\t\t\t\t<i aria-hidden=\"true\" class=\"fas fa-plus\"><\/i>\t\t\t\t\t\t<\/span>\n\t\t\t\t\t\t\t\t\t\t<span class=\"elementor-icon-list-text\">Longer lubricant service life <\/span>\n\t\t\t\t\t\t\t\t\t<\/li>\n\t\t\t\t\t\t\t\t<li class=\"elementor-icon-list-item\">\n\t\t\t\t\t\t\t\t\t\t\t<span class=\"elementor-icon-list-icon\">\n\t\t\t\t\t\t\t<i aria-hidden=\"true\" class=\"fas fa-plus\"><\/i>\t\t\t\t\t\t<\/span>\n\t\t\t\t\t\t\t\t\t\t<span class=\"elementor-icon-list-text\">Regular information on the condition of your tank system and connections<\/span>\n\t\t\t\t\t\t\t\t\t<\/li>\n\t\t\t\t\t\t\t\t<li class=\"elementor-icon-list-item\">\n\t\t\t\t\t\t\t\t\t\t\t<span class=\"elementor-icon-list-icon\">\n\t\t\t\t\t\t\t<i aria-hidden=\"true\" class=\"fas fa-plus\"><\/i>\t\t\t\t\t\t<\/span>\n\t\t\t\t\t\t\t\t\t\t<span class=\"elementor-icon-list-text\">Sustainable contribution to environmental protection<\/span>\n\t\t\t\t\t\t\t\t\t<\/li>\n\t\t\t\t\t\t\t\t<li class=\"elementor-icon-list-item\">\n\t\t\t\t\t\t\t\t\t\t\t<span class=\"elementor-icon-list-icon\">\n\t\t\t\t\t\t\t<i aria-hidden=\"true\" class=\"fas fa-plus\"><\/i>\t\t\t\t\t\t<\/span>\n\t\t\t\t\t\t\t\t\t\t<span class=\"elementor-icon-list-text\">Sustainable cost reduction<\/span>\n\t\t\t\t\t\t\t\t\t<\/li>\n\t\t\t\t\t\t<\/ul>\n\t\t\t\t\t\t<\/div>\n\t\t\t\t<\/div>\n\t\t\t\t\t<\/div>\n\t\t<\/div>\n\t\t\t\t<div class=\"elementor-column elementor-col-50 elementor-inner-column elementor-element elementor-element-451c4229 dbs-img elementor-invisible\" data-id=\"451c4229\" data-element_type=\"column\" data-settings=\"{&quot;animation&quot;:&quot;slideInLeft&quot;,&quot;animation_delay&quot;:0,&quot;background_background&quot;:&quot;classic&quot;}\">\n\t\t\t<div class=\"elementor-widget-wrap elementor-element-populated\">\n\t\t\t\t\t\t<div class=\"elementor-element elementor-element-610c1c49 elementor-widget elementor-widget-spacer\" data-id=\"610c1c49\" data-element_type=\"widget\" data-widget_type=\"spacer.default\">\n\t\t\t\t<div class=\"elementor-widget-container\">\n\t\t\t\t\t\t\t<div class=\"elementor-spacer\">\n\t\t\t<div class=\"elementor-spacer-inner\"><\/div>\n\t\t<\/div>\n\t\t\t\t\t\t<\/div>\n\t\t\t\t<\/div>\n\t\t\t\t\t<\/div>\n\t\t<\/div>\n\t\t\t\t\t<\/div>\n\t\t<\/section>\n\t\t\t\t\t<\/div>\n\t\t<\/div>\n\t\t\t\t\t<\/div>\n\t\t<\/section>\n\t\t\t\t<section class=\"elementor-section elementor-top-section elementor-element elementor-element-eff4bb1 elementor-section-content-middle elementor-section-boxed elementor-section-height-default elementor-section-height-default\" data-id=\"eff4bb1\" data-element_type=\"section\">\n\t\t\t\t\t\t<div class=\"elementor-container elementor-column-gap-default\">\n\t\t\t\t\t<div class=\"elementor-column elementor-col-100 elementor-top-column elementor-element elementor-element-d93e324\" data-id=\"d93e324\" data-element_type=\"column\">\n\t\t\t<div class=\"elementor-widget-wrap elementor-element-populated\">\n\t\t\t\t\t\t<div class=\"elementor-element elementor-element-8660c16 elementor-align-center fs-btn elementor-widget elementor-widget-button\" data-id=\"8660c16\" data-element_type=\"widget\" data-widget_type=\"button.default\">\n\t\t\t\t<div class=\"elementor-widget-container\">\n\t\t\t\t\t\t\t\t\t<div class=\"elementor-button-wrapper\">\n\t\t\t\t\t<a class=\"elementor-button elementor-button-link elementor-size-sm\" href=\"https:\/\/www.fs-plus.de\/en\/service\/oil-service\/\">\n\t\t\t\t\t\t<span class=\"elementor-button-content-wrapper\">\n\t\t\t\t\t\t<span class=\"elementor-button-icon\">\n\t\t\t\t<i aria-hidden=\"true\" class=\"fas fa-arrow-left\"><\/i>\t\t\t<\/span>\n\t\t\t\t\t\t\t\t\t<span class=\"elementor-button-text\">All our services on the subject of Oil Service<\/span>\n\t\t\t\t\t<\/span>\n\t\t\t\t\t<\/a>\n\t\t\t\t<\/div>\n\t\t\t\t\t\t\t\t<\/div>\n\t\t\t\t<\/div>\n\t\t\t\t\t<\/div>\n\t\t<\/div>\n\t\t\t\t\t<\/div>\n\t\t<\/section>\n\t\t\t\t<\/div>\n\t\t","protected":false},"excerpt":{"rendered":"<p>Why is tank cleaning important? The tank serves as a calming zone for the oil and as a collecting sink for dirt of all kinds. In the tank of an oil circuit, the circulating fluid can calm down for a moment. This gives bound suspended particles the opportunity to settle. Depending on the nature of [&hellip;]<\/p>\n","protected":false},"author":2,"featured_media":606,"parent":5666,"menu_order":5,"comment_status":"closed","ping_status":"closed","template":"","meta":{"_acf_changed":false,"footnotes":""},"class_list":["post-5692","page","type-page","status-publish","has-post-thumbnail","hentry"],"acf":[],"yoast_head":"<!-- This site is optimized with the Yoast SEO plugin v26.3 - https:\/\/yoast.com\/wordpress\/plugins\/seo\/ -->\n<title>Oil-Tank Cleaning<\/title>\n<meta name=\"robots\" content=\"index, follow, max-snippet:-1, max-image-preview:large, max-video-preview:-1\" \/>\n<link rel=\"canonical\" href=\"https:\/\/www.fs-plus.de\/service\/oel-service\/tankreinigung\/\" \/>\n<meta property=\"og:locale\" content=\"en_US\" \/>\n<meta property=\"og:type\" content=\"article\" \/>\n<meta property=\"og:title\" content=\"Oil-Tank Cleaning\" \/>\n<meta property=\"og:description\" content=\"Why is tank cleaning important? The tank serves as a calming zone for the oil and as a collecting sink for dirt of all kinds. In the tank of an oil circuit, the circulating fluid can calm down for a moment. This gives bound suspended particles the opportunity to settle. Depending on the nature of [&hellip;]\" \/>\n<meta property=\"og:url\" content=\"https:\/\/www.fs-plus.de\/service\/oel-service\/tankreinigung\/\" \/>\n<meta property=\"og:site_name\" content=\"Fluid Service Plus - Mehr Qualit\u00e4t.\" \/>\n<meta property=\"article:publisher\" content=\"https:\/\/www.facebook.com\/Fluid-Service-Plus-GmbH-393781057359889\/\" \/>\n<meta property=\"article:modified_time\" content=\"2022-05-23T10:47:22+00:00\" \/>\n<meta property=\"og:image\" content=\"https:\/\/www.fs-plus.de\/wp-content\/uploads\/2022\/04\/06-Tankreinigung.jpeg\" \/>\n\t<meta property=\"og:image:width\" content=\"1670\" \/>\n\t<meta property=\"og:image:height\" content=\"600\" \/>\n\t<meta property=\"og:image:type\" content=\"image\/jpeg\" \/>\n<meta name=\"twitter:card\" content=\"summary_large_image\" \/>\n<meta name=\"twitter:label1\" content=\"Est. reading time\" \/>\n\t<meta name=\"twitter:data1\" content=\"2 minutes\" \/>\n<script type=\"application\/ld+json\" class=\"yoast-schema-graph\">{\"@context\":\"https:\/\/schema.org\",\"@graph\":[{\"@type\":\"WebPage\",\"@id\":\"https:\/\/www.fs-plus.de\/service\/oel-service\/tankreinigung\/\",\"url\":\"https:\/\/www.fs-plus.de\/service\/oel-service\/tankreinigung\/\",\"name\":\"Oil-Tank Cleaning\",\"isPartOf\":{\"@id\":\"https:\/\/www.fs-plus.de\/#website\"},\"primaryImageOfPage\":{\"@id\":\"https:\/\/www.fs-plus.de\/service\/oel-service\/tankreinigung\/#primaryimage\"},\"image\":{\"@id\":\"https:\/\/www.fs-plus.de\/service\/oel-service\/tankreinigung\/#primaryimage\"},\"thumbnailUrl\":\"https:\/\/www.fs-plus.de\/wp-content\/uploads\/2022\/04\/06-Tankreinigung.jpeg\",\"datePublished\":\"2022-04-08T10:28:59+00:00\",\"dateModified\":\"2022-05-23T10:47:22+00:00\",\"breadcrumb\":{\"@id\":\"https:\/\/www.fs-plus.de\/service\/oel-service\/tankreinigung\/#breadcrumb\"},\"inLanguage\":\"en-US\",\"potentialAction\":[{\"@type\":\"ReadAction\",\"target\":[\"https:\/\/www.fs-plus.de\/service\/oel-service\/tankreinigung\/\"]}]},{\"@type\":\"ImageObject\",\"inLanguage\":\"en-US\",\"@id\":\"https:\/\/www.fs-plus.de\/service\/oel-service\/tankreinigung\/#primaryimage\",\"url\":\"https:\/\/www.fs-plus.de\/wp-content\/uploads\/2022\/04\/06-Tankreinigung.jpeg\",\"contentUrl\":\"https:\/\/www.fs-plus.de\/wp-content\/uploads\/2022\/04\/06-Tankreinigung.jpeg\",\"width\":1670,\"height\":600,\"caption\":\"Tankreinigung\"},{\"@type\":\"BreadcrumbList\",\"@id\":\"https:\/\/www.fs-plus.de\/service\/oel-service\/tankreinigung\/#breadcrumb\",\"itemListElement\":[{\"@type\":\"ListItem\",\"position\":1,\"name\":\"Startseite\",\"item\":\"https:\/\/www.fs-plus.de\/\"},{\"@type\":\"ListItem\",\"position\":2,\"name\":\"Service\",\"item\":\"https:\/\/www.fs-plus.de\/service\/\"},{\"@type\":\"ListItem\",\"position\":3,\"name\":\"All about Oil Service\",\"item\":\"https:\/\/www.fs-plus.de\/service\/oel-service\/\"},{\"@type\":\"ListItem\",\"position\":4,\"name\":\"Oil-Tank Cleaning\"}]},{\"@type\":\"WebSite\",\"@id\":\"https:\/\/www.fs-plus.de\/#website\",\"url\":\"https:\/\/www.fs-plus.de\/\",\"name\":\"Fluid Service Plus - Mehr Qualit\u00e4t. Mehr Zuverl\u00e4ssigkeit.\",\"description\":\"FS Plus ist Anbieter f\u00fcr industrielle Dienstleistungen und setzt sich aus Bereichen wie Fluid Management, Industriereinigung und \u00d6lservice zusammen.\",\"publisher\":{\"@id\":\"https:\/\/www.fs-plus.de\/#organization\"},\"potentialAction\":[{\"@type\":\"SearchAction\",\"target\":{\"@type\":\"EntryPoint\",\"urlTemplate\":\"https:\/\/www.fs-plus.de\/?s={search_term_string}\"},\"query-input\":{\"@type\":\"PropertyValueSpecification\",\"valueRequired\":true,\"valueName\":\"search_term_string\"}}],\"inLanguage\":\"en-US\"},{\"@type\":\"Organization\",\"@id\":\"https:\/\/www.fs-plus.de\/#organization\",\"name\":\"Fluid Service Plus GmbH\",\"url\":\"https:\/\/www.fs-plus.de\/\",\"logo\":{\"@type\":\"ImageObject\",\"inLanguage\":\"en-US\",\"@id\":\"https:\/\/www.fs-plus.de\/#\/schema\/logo\/image\/\",\"url\":\"https:\/\/www.fs-plus.de\/wp-content\/uploads\/2022\/03\/fs-plus-logo-full.svg\",\"contentUrl\":\"https:\/\/www.fs-plus.de\/wp-content\/uploads\/2022\/03\/fs-plus-logo-full.svg\",\"width\":162,\"height\":41,\"caption\":\"Fluid Service Plus GmbH\"},\"image\":{\"@id\":\"https:\/\/www.fs-plus.de\/#\/schema\/logo\/image\/\"},\"sameAs\":[\"https:\/\/www.facebook.com\/Fluid-Service-Plus-GmbH-393781057359889\/\",\"https:\/\/www.linkedin.com\/company\/fluidserviceplus\/\",\"https:\/\/www.xing.com\/companies\/fluidserviceplusgmbh\"]}]}<\/script>\n<!-- \/ Yoast SEO plugin. -->","yoast_head_json":{"title":"Oil-Tank Cleaning","robots":{"index":"index","follow":"follow","max-snippet":"max-snippet:-1","max-image-preview":"max-image-preview:large","max-video-preview":"max-video-preview:-1"},"canonical":"https:\/\/www.fs-plus.de\/service\/oel-service\/tankreinigung\/","og_locale":"en_US","og_type":"article","og_title":"Oil-Tank Cleaning","og_description":"Why is tank cleaning important? The tank serves as a calming zone for the oil and as a collecting sink for dirt of all kinds. In the tank of an oil circuit, the circulating fluid can calm down for a moment. This gives bound suspended particles the opportunity to settle. Depending on the nature of [&hellip;]","og_url":"https:\/\/www.fs-plus.de\/service\/oel-service\/tankreinigung\/","og_site_name":"Fluid Service Plus - Mehr Qualit\u00e4t.","article_publisher":"https:\/\/www.facebook.com\/Fluid-Service-Plus-GmbH-393781057359889\/","article_modified_time":"2022-05-23T10:47:22+00:00","og_image":[{"width":1670,"height":600,"url":"https:\/\/www.fs-plus.de\/wp-content\/uploads\/2022\/04\/06-Tankreinigung.jpeg","type":"image\/jpeg"}],"twitter_card":"summary_large_image","twitter_misc":{"Est. reading time":"2 minutes"},"schema":{"@context":"https:\/\/schema.org","@graph":[{"@type":"WebPage","@id":"https:\/\/www.fs-plus.de\/service\/oel-service\/tankreinigung\/","url":"https:\/\/www.fs-plus.de\/service\/oel-service\/tankreinigung\/","name":"Oil-Tank Cleaning","isPartOf":{"@id":"https:\/\/www.fs-plus.de\/#website"},"primaryImageOfPage":{"@id":"https:\/\/www.fs-plus.de\/service\/oel-service\/tankreinigung\/#primaryimage"},"image":{"@id":"https:\/\/www.fs-plus.de\/service\/oel-service\/tankreinigung\/#primaryimage"},"thumbnailUrl":"https:\/\/www.fs-plus.de\/wp-content\/uploads\/2022\/04\/06-Tankreinigung.jpeg","datePublished":"2022-04-08T10:28:59+00:00","dateModified":"2022-05-23T10:47:22+00:00","breadcrumb":{"@id":"https:\/\/www.fs-plus.de\/service\/oel-service\/tankreinigung\/#breadcrumb"},"inLanguage":"en-US","potentialAction":[{"@type":"ReadAction","target":["https:\/\/www.fs-plus.de\/service\/oel-service\/tankreinigung\/"]}]},{"@type":"ImageObject","inLanguage":"en-US","@id":"https:\/\/www.fs-plus.de\/service\/oel-service\/tankreinigung\/#primaryimage","url":"https:\/\/www.fs-plus.de\/wp-content\/uploads\/2022\/04\/06-Tankreinigung.jpeg","contentUrl":"https:\/\/www.fs-plus.de\/wp-content\/uploads\/2022\/04\/06-Tankreinigung.jpeg","width":1670,"height":600,"caption":"Tankreinigung"},{"@type":"BreadcrumbList","@id":"https:\/\/www.fs-plus.de\/service\/oel-service\/tankreinigung\/#breadcrumb","itemListElement":[{"@type":"ListItem","position":1,"name":"Startseite","item":"https:\/\/www.fs-plus.de\/"},{"@type":"ListItem","position":2,"name":"Service","item":"https:\/\/www.fs-plus.de\/service\/"},{"@type":"ListItem","position":3,"name":"All about Oil Service","item":"https:\/\/www.fs-plus.de\/service\/oel-service\/"},{"@type":"ListItem","position":4,"name":"Oil-Tank Cleaning"}]},{"@type":"WebSite","@id":"https:\/\/www.fs-plus.de\/#website","url":"https:\/\/www.fs-plus.de\/","name":"Fluid Service Plus - Mehr Qualit\u00e4t. Mehr Zuverl\u00e4ssigkeit.","description":"FS Plus ist Anbieter f\u00fcr industrielle Dienstleistungen und setzt sich aus Bereichen wie Fluid Management, Industriereinigung und \u00d6lservice zusammen.","publisher":{"@id":"https:\/\/www.fs-plus.de\/#organization"},"potentialAction":[{"@type":"SearchAction","target":{"@type":"EntryPoint","urlTemplate":"https:\/\/www.fs-plus.de\/?s={search_term_string}"},"query-input":{"@type":"PropertyValueSpecification","valueRequired":true,"valueName":"search_term_string"}}],"inLanguage":"en-US"},{"@type":"Organization","@id":"https:\/\/www.fs-plus.de\/#organization","name":"Fluid Service Plus GmbH","url":"https:\/\/www.fs-plus.de\/","logo":{"@type":"ImageObject","inLanguage":"en-US","@id":"https:\/\/www.fs-plus.de\/#\/schema\/logo\/image\/","url":"https:\/\/www.fs-plus.de\/wp-content\/uploads\/2022\/03\/fs-plus-logo-full.svg","contentUrl":"https:\/\/www.fs-plus.de\/wp-content\/uploads\/2022\/03\/fs-plus-logo-full.svg","width":162,"height":41,"caption":"Fluid Service Plus GmbH"},"image":{"@id":"https:\/\/www.fs-plus.de\/#\/schema\/logo\/image\/"},"sameAs":["https:\/\/www.facebook.com\/Fluid-Service-Plus-GmbH-393781057359889\/","https:\/\/www.linkedin.com\/company\/fluidserviceplus\/","https:\/\/www.xing.com\/companies\/fluidserviceplusgmbh"]}]}},"_links":{"self":[{"href":"https:\/\/www.fs-plus.de\/en\/wp-json\/wp\/v2\/pages\/5692","targetHints":{"allow":["GET"]}}],"collection":[{"href":"https:\/\/www.fs-plus.de\/en\/wp-json\/wp\/v2\/pages"}],"about":[{"href":"https:\/\/www.fs-plus.de\/en\/wp-json\/wp\/v2\/types\/page"}],"author":[{"embeddable":true,"href":"https:\/\/www.fs-plus.de\/en\/wp-json\/wp\/v2\/users\/2"}],"replies":[{"embeddable":true,"href":"https:\/\/www.fs-plus.de\/en\/wp-json\/wp\/v2\/comments?post=5692"}],"version-history":[{"count":7,"href":"https:\/\/www.fs-plus.de\/en\/wp-json\/wp\/v2\/pages\/5692\/revisions"}],"predecessor-version":[{"id":8978,"href":"https:\/\/www.fs-plus.de\/en\/wp-json\/wp\/v2\/pages\/5692\/revisions\/8978"}],"up":[{"embeddable":true,"href":"https:\/\/www.fs-plus.de\/en\/wp-json\/wp\/v2\/pages\/5666"}],"wp:featuredmedia":[{"embeddable":true,"href":"https:\/\/www.fs-plus.de\/en\/wp-json\/wp\/v2\/media\/606"}],"wp:attachment":[{"href":"https:\/\/www.fs-plus.de\/en\/wp-json\/wp\/v2\/media?parent=5692"}],"curies":[{"name":"wp","href":"https:\/\/api.w.org\/{rel}","templated":true}]}}